{"id":30,"date":"2014-05-30T16:07:40","date_gmt":"2014-05-30T16:07:40","guid":{"rendered":"http:\/\/bier-reparaturservice.de\/?page_id=30"},"modified":"2019-02-17T16:34:41","modified_gmt":"2019-02-17T16:34:41","slug":"sicherheit","status":"publish","type":"page","link":"https:\/\/bier-reparaturservice.de\/?page_id=30","title":{"rendered":"Sicherheit"},"content":{"rendered":"<h1>Sicherheit f\u00fcr Haus- und Wohnungseingangst\u00fcren<\/h1>\n<ul>\n<li>Schl\u00f6sser<\/li>\n<li>Schlie\u00dfzylinder<\/li>\n<li>Schlie\u00dfanlagen<\/li>\n<li>Sicherheitsbeschl\u00e4ge<\/li>\n<li>T\u00fcrspione<\/li>\n<\/ul>\n<p><strong>Neu im Programm<br \/>\n<\/strong><span style=\"font-size: 1.3rem;\">Nachr\u00fcsten von bestehenden Fenstern und Balkont\u00fcren mit Pilzkopf-Verriegelungen<\/span><\/p>\n<p>Wenn gew\u00fcnscht incl. Lieferung und Montage<\/p>\n","protected":false},"excerpt":{"rendered":"<p>Sicherheit f\u00fcr Haus- und Wohnungseingangst\u00fcren Schl\u00f6sser Schlie\u00dfzylinder Schlie\u00dfanlagen Sicherheitsbeschl\u00e4ge T\u00fcrspione Neu im Programm Nachr\u00fcsten von bestehenden Fenstern und Balkont\u00fcren mit Pilzkopf-Verriegelungen Wenn gew\u00fcnscht incl. Lieferung und Montage<\/p>\n","protected":false},"author":1,"featured_media":0,"parent":0,"menu_order":0,"comment_status":"closed","ping_status":"closed","template":"","meta":{"footnotes":""},"class_list":["post-30","page","type-page","status-publish","hentry"],"_links":{"self":[{"href":"https:\/\/bier-reparaturservice.de\/index.php?rest_route=\/wp\/v2\/pages\/30","targetHints":{"allow":["GET"]}}],"collection":[{"href":"https:\/\/bier-reparaturservice.de\/index.php?rest_route=\/wp\/v2\/pages"}],"about":[{"href":"https:\/\/bier-reparaturservice.de\/index.php?rest_route=\/wp\/v2\/types\/page"}],"author":[{"embeddable":true,"href":"https:\/\/bier-reparaturservice.de\/index.php?rest_route=\/wp\/v2\/users\/1"}],"replies":[{"embeddable":true,"href":"https:\/\/bier-reparaturservice.de\/index.php?rest_route=%2Fwp%2Fv2%2Fcomments&post=30"}],"version-history":[{"count":11,"href":"https:\/\/bier-reparaturservice.de\/index.php?rest_route=\/wp\/v2\/pages\/30\/revisions"}],"predecessor-version":[{"id":89,"href":"https:\/\/bier-reparaturservice.de\/index.php?rest_route=\/wp\/v2\/pages\/30\/revisions\/89"}],"wp:attachment":[{"href":"https:\/\/bier-reparaturservice.de\/index.php?rest_route=%2Fwp%2Fv2%2Fmedia&parent=30"}],"curies":[{"name":"wp","href":"https:\/\/api.w.org\/{rel}","templated":true}]}}