{"id":14,"date":"2014-05-30T15:48:50","date_gmt":"2014-05-30T15:48:50","guid":{"rendered":"http:\/\/bier-reparaturservice.de\/?page_id=14"},"modified":"2014-05-30T16:47:43","modified_gmt":"2014-05-30T16:47:44","slug":"home2","status":"publish","type":"page","link":"https:\/\/bier-reparaturservice.de\/?page_id=14","title":{"rendered":"Dienstleistung"},"content":{"rendered":"<h1><span style=\"font-size: 2.1rem; line-height: 1.5;\">Fenster- und Balkont\u00fcren<\/span><\/h1>\n<ul>\n<li>einstellen, g\u00e4ngig machen<\/li>\n<li>defekte Beschl\u00e4ge reparieren \/ erneuern<\/li>\n<li>defekte Dichtungen erneuern<\/li>\n<li>Isolierglasscheiben austauschen<\/li>\n<\/ul>\n<h1>Haust\u00fcren<\/h1>\n<ul>\n<li>nachrichten, g\u00e4ngig machen<\/li>\n<li>defekte Beschl\u00e4ge und Schl\u00f6sser tauschen<\/li>\n<li>Dichtungen erneuern<\/li>\n<\/ul>\n<h1>Innent\u00fcren<\/h1>\n<ul>\n<li>einstellen, g\u00e4ngig machen<\/li>\n<li>k\u00fcrzen ( z. B. bei neuem Bodenbelag )<\/li>\n<li>defekte Beschl\u00e4ge reparieren \/ erneuern<\/li>\n<li>neue Schl\u00f6sser und Beschl\u00e4ge montieren<\/li>\n<li>Lichtausschnitte und Verglasungen reparieren bzw. neu anbringen<\/li>\n<li>besch\u00e4digte T\u00fcrbl\u00e4tter und T\u00fcrzargen reparieren bzw. austauschen \/ erneuern<\/li>\n<\/ul>\n<h1>Rolll\u00e4den<\/h1>\n<ul>\n<li>defekte Gurte, Gurtwickler, Lager usw. erneuern<\/li>\n<li>defekte Rollopanzer erneuern<\/li>\n<\/ul>\n<p>&nbsp;<\/p>\n","protected":false},"excerpt":{"rendered":"<p>Fenster- und Balkont\u00fcren einstellen, g\u00e4ngig machen defekte Beschl\u00e4ge reparieren \/ erneuern defekte Dichtungen erneuern Isolierglasscheiben austauschen Haust\u00fcren nachrichten, g\u00e4ngig machen defekte Beschl\u00e4ge und Schl\u00f6sser tauschen Dichtungen erneuern Innent\u00fcren einstellen, g\u00e4ngig machen k\u00fcrzen ( z. B. bei neuem Bodenbelag ) defekte Beschl\u00e4ge reparieren \/ erneuern neue Schl\u00f6sser und Beschl\u00e4ge montieren Lichtausschnitte und Verglasungen reparieren bzw. neu [&hellip;]<\/p>\n","protected":false},"author":1,"featured_media":0,"parent":0,"menu_order":0,"comment_status":"closed","ping_status":"closed","template":"","meta":{"footnotes":""},"class_list":["post-14","page","type-page","status-publish","hentry"],"_links":{"self":[{"href":"https:\/\/bier-reparaturservice.de\/index.php?rest_route=\/wp\/v2\/pages\/14","targetHints":{"allow":["GET"]}}],"collection":[{"href":"https:\/\/bier-reparaturservice.de\/index.php?rest_route=\/wp\/v2\/pages"}],"about":[{"href":"https:\/\/bier-reparaturservice.de\/index.php?rest_route=\/wp\/v2\/types\/page"}],"author":[{"embeddable":true,"href":"https:\/\/bier-reparaturservice.de\/index.php?rest_route=\/wp\/v2\/users\/1"}],"replies":[{"embeddable":true,"href":"https:\/\/bier-reparaturservice.de\/index.php?rest_route=%2Fwp%2Fv2%2Fcomments&post=14"}],"version-history":[{"count":21,"href":"https:\/\/bier-reparaturservice.de\/index.php?rest_route=\/wp\/v2\/pages\/14\/revisions"}],"predecessor-version":[{"id":63,"href":"https:\/\/bier-reparaturservice.de\/index.php?rest_route=\/wp\/v2\/pages\/14\/revisions\/63"}],"wp:attachment":[{"href":"https:\/\/bier-reparaturservice.de\/index.php?rest_route=%2Fwp%2Fv2%2Fmedia&parent=14"}],"curies":[{"name":"wp","href":"https:\/\/api.w.org\/{rel}","templated":true}]}}